{"id":8947,"date":"2025-03-20T10:11:16","date_gmt":"2025-03-20T14:11:16","guid":{"rendered":"http:\/\/cedarome.com\/?post_type=product&#038;p=8947"},"modified":"2025-03-28T09:24:59","modified_gmt":"2025-03-28T13:24:59","slug":"citron-phase-essence","status":"publish","type":"product","link":"https:\/\/cedarome.com\/fr\/produit\/citron-phase-essence\/","title":{"rendered":"Citron phase essence"},"content":{"rendered":"<section id=\"bt_bb_section69e1989b2fbe1\"  class=\"bt_bb_section bt_bb_layout_wide bt_bb_vertical_align_top\"     data-bt-override-class=\"null\"><div class=\"bt_bb_port\"><div class=\"bt_bb_cell\"><div class=\"bt_bb_cell_inner\"><div class=\"bt_bb_row \"  data-bt-override-class=\"{}\"><div class=\"bt_bb_row_holder\" style=\"; 0\"><div  class=\"bt_bb_column col-xxl-12 col-xl-12 bt_bb_vertical_align_top bt_bb_align_left bt_bb_padding_normal\" style=\"; --column-width:12;\" data-width=\"12\" data-bt-override-class=\"{}\"><div class=\"bt_bb_column_content\"><div class=\"bt_bb_column_content_inner\"><header class=\"bt_bb_headline bt_bb_dash_bottom bt_bb_size_inherit bt_bb_align_inherit\" data-bt-override-class=\"{}\"><h2 class=\"bt_bb_headline_tag\"><span class=\"bt_bb_headline_content\"><span>Description<\/span><\/span><\/h2><\/header><div  class=\"bt_bb_text\" ><\/p>\n<p>Le citron phase essence est un produit de sp\u00e9cialit\u00e9 obtenu par condensation et s\u00e9paration des vapeurs captur\u00e9es lors de l&rsquo;\u00e9vaporation du jus du fruit du <em>Citrus limon<\/em> pour produire un concentr\u00e9 de jus de citron.<\/p>\n<p>\n<\/div><div class=\"bt_bb_separator bt_bb_border_style_none bt_bb_bottom_spacing_normal\" data-bt-override-class=\"null\"><\/div><header data-bb-version=\"5.2.6\" class=\"bt_bb_headline bt_bb_dash_bottom bt_bb_size_inherit bt_bb_align_inherit\" data-bt-override-class=\"{&quot;bt_bb_size_&quot;:{&quot;current_class&quot;:&quot;bt_bb_size_inherit&quot;,&quot;def&quot;:&quot;inherit&quot;},&quot;bt_bb_align_&quot;:{&quot;current_class&quot;:&quot;bt_bb_align_inherit&quot;,&quot;def&quot;:&quot;inherit&quot;},&quot;bt_bb_animation_&quot;:{&quot;current_class&quot;:&quot;bt_bb_animation_no_animation&quot;,&quot;def&quot;:&quot;no_animation&quot;}}\"><h2 class=\"bt_bb_headline_tag\"><span class=\"bt_bb_headline_content\"><span>Profil olfactif<\/span><\/span><\/h2><\/header><div  class=\"bt_bb_text\" ><\/p>\n<p>Frais, piquant et citronn\u00e9<\/p>\n<p>\n<\/div><div class=\"bt_bb_separator bt_bb_border_style_none bt_bb_bottom_spacing_small\" data-bt-override-class=\"null\"><\/div><div class=\"bt_bb_separator bt_bb_border_style_none bt_bb_bottom_spacing_normal\" data-bt-override-class=\"null\"><\/div><header data-bb-version=\"5.2.6\" class=\"bt_bb_headline bt_bb_dash_bottom bt_bb_size_inherit bt_bb_align_inherit\" data-bt-override-class=\"{&quot;bt_bb_size_&quot;:{&quot;current_class&quot;:&quot;bt_bb_size_inherit&quot;,&quot;def&quot;:&quot;inherit&quot;},&quot;bt_bb_align_&quot;:{&quot;current_class&quot;:&quot;bt_bb_align_inherit&quot;,&quot;def&quot;:&quot;inherit&quot;},&quot;bt_bb_animation_&quot;:{&quot;current_class&quot;:&quot;bt_bb_animation_no_animation&quot;,&quot;def&quot;:&quot;no_animation&quot;}}\"><h2 class=\"bt_bb_headline_tag\"><span class=\"bt_bb_headline_content\"><span>Apparence<\/span><\/span><\/h2><\/header><div  class=\"bt_bb_text\" ><\/p>\n<p>Clair \u00e0 jaune p\u00e2le<\/p>\n<p>\n<\/div><div class=\"bt_bb_separator bt_bb_border_style_none bt_bb_bottom_spacing_extra_small\" data-bt-override-class=\"null\"><\/div><\/div><\/div><\/div><\/div><\/div><\/div><\/div><\/div><\/section>\n","protected":false},"excerpt":{"rendered":"","protected":false},"featured_media":8951,"template":"","meta":[],"product_cat":[124],"product_tag":[],"class_list":{"0":"post-8947","1":"product","2":"type-product","3":"status-publish","4":"has-post-thumbnail","6":"product_cat-agrumes","8":"first","9":"instock","10":"shipping-taxable","11":"product-type-simple"},"yoast_head":"<!-- This site is optimized with the Yoast SEO plugin v27.2 - https:\/\/yoast.com\/product\/yoast-seo-wordpress\/ -->\n<title>Citron phase essence - Citrus Limon - Agrumes | Cedarome<\/title>\n<meta name=\"description\" content=\"Le citron phase essence est un produit de sp\u00e9cialit\u00e9 obtenu par condensation et s\u00e9paration des vapeurs captur\u00e9es lors de l&#039;\u00e9vaporation du jus du fruit du Citrus limon pour produire un concentr\u00e9 de jus de citron.\" \/>\n<meta name=\"robots\" content=\"index, follow, max-snippet:-1, max-image-preview:large, max-video-preview:-1\" \/>\n<link rel=\"canonical\" href=\"https:\/\/cedarome.com\/fr\/produit\/citron-phase-essence\/\" \/>\n<meta property=\"og:locale\" content=\"fr_FR\" \/>\n<meta property=\"og:type\" content=\"article\" \/>\n<meta property=\"og:title\" content=\"Citron phase essence - Citrus Limon - Agrumes | Cedarome\" \/>\n<meta property=\"og:description\" content=\"Le citron phase essence est un produit de sp\u00e9cialit\u00e9 obtenu par condensation et s\u00e9paration des vapeurs captur\u00e9es lors de l&#039;\u00e9vaporation du jus du fruit du Citrus limon pour produire un concentr\u00e9 de jus de citron.\" \/>\n<meta property=\"og:url\" content=\"https:\/\/cedarome.com\/fr\/produit\/citron-phase-essence\/\" \/>\n<meta property=\"og:site_name\" content=\"Cedarome\" \/>\n<meta property=\"article:publisher\" content=\"https:\/\/www.facebook.com\/Cedarome\/\" \/>\n<meta property=\"article:modified_time\" content=\"2025-03-28T13:24:59+00:00\" \/>\n<meta property=\"og:image\" content=\"https:\/\/cedarome.com\/wp-content\/uploads\/2025\/03\/iStock-1389128157-Lemon-Essence.jpg\" \/>\n\t<meta property=\"og:image:width\" content=\"1397\" \/>\n\t<meta property=\"og:image:height\" content=\"1024\" \/>\n\t<meta property=\"og:image:type\" content=\"image\/jpeg\" \/>\n<meta name=\"twitter:card\" content=\"summary_large_image\" \/>\n<meta name=\"twitter:label1\" content=\"Dur\u00e9e de lecture estim\u00e9e\" \/>\n\t<meta name=\"twitter:data1\" content=\"1 minute\" \/>\n<script type=\"application\/ld+json\" class=\"yoast-schema-graph\">{\"@context\":\"https:\/\/schema.org\",\"@graph\":[{\"@type\":\"WebPage\",\"@id\":\"https:\/\/cedarome.com\/fr\/produit\/citron-phase-essence\/\",\"url\":\"https:\/\/cedarome.com\/fr\/produit\/citron-phase-essence\/\",\"name\":\"Citron phase essence - Citrus Limon - Agrumes | Cedarome\",\"isPartOf\":{\"@id\":\"https:\/\/cedarome.com\/fr\/#website\"},\"primaryImageOfPage\":{\"@id\":\"https:\/\/cedarome.com\/fr\/produit\/citron-phase-essence\/#primaryimage\"},\"image\":{\"@id\":\"https:\/\/cedarome.com\/fr\/produit\/citron-phase-essence\/#primaryimage\"},\"thumbnailUrl\":\"https:\/\/cedarome.com\/wp-content\/uploads\/2025\/03\/iStock-1389128157-Lemon-Essence.jpg\",\"datePublished\":\"2025-03-20T14:11:16+00:00\",\"dateModified\":\"2025-03-28T13:24:59+00:00\",\"description\":\"Le citron phase essence est un produit de sp\u00e9cialit\u00e9 obtenu par condensation et s\u00e9paration des vapeurs captur\u00e9es lors de l'\u00e9vaporation du jus du fruit du Citrus limon pour produire un concentr\u00e9 de jus de citron.\",\"breadcrumb\":{\"@id\":\"https:\/\/cedarome.com\/fr\/produit\/citron-phase-essence\/#breadcrumb\"},\"inLanguage\":\"fr-FR\",\"potentialAction\":[{\"@type\":\"ReadAction\",\"target\":[\"https:\/\/cedarome.com\/fr\/produit\/citron-phase-essence\/\"]}]},{\"@type\":\"ImageObject\",\"inLanguage\":\"fr-FR\",\"@id\":\"https:\/\/cedarome.com\/fr\/produit\/citron-phase-essence\/#primaryimage\",\"url\":\"https:\/\/cedarome.com\/wp-content\/uploads\/2025\/03\/iStock-1389128157-Lemon-Essence.jpg\",\"contentUrl\":\"https:\/\/cedarome.com\/wp-content\/uploads\/2025\/03\/iStock-1389128157-Lemon-Essence.jpg\",\"width\":1397,\"height\":1024},{\"@type\":\"BreadcrumbList\",\"@id\":\"https:\/\/cedarome.com\/fr\/produit\/citron-phase-essence\/#breadcrumb\",\"itemListElement\":[{\"@type\":\"ListItem\",\"position\":1,\"name\":\"Home\",\"item\":\"https:\/\/cedarome.com\/fr\/\"},{\"@type\":\"ListItem\",\"position\":2,\"name\":\"Notre catalogue\",\"item\":\"https:\/\/cedarome.com\/fr\/notre-catalogue\/\"},{\"@type\":\"ListItem\",\"position\":3,\"name\":\"Citron phase essence\"}]},{\"@type\":\"WebSite\",\"@id\":\"https:\/\/cedarome.com\/fr\/#website\",\"url\":\"https:\/\/cedarome.com\/fr\/\",\"name\":\"Cedarome\",\"description\":\"La nature au service des sens\",\"publisher\":{\"@id\":\"https:\/\/cedarome.com\/fr\/#organization\"},\"potentialAction\":[{\"@type\":\"SearchAction\",\"target\":{\"@type\":\"EntryPoint\",\"urlTemplate\":\"https:\/\/cedarome.com\/fr\/?s={search_term_string}\"},\"query-input\":{\"@type\":\"PropertyValueSpecification\",\"valueRequired\":true,\"valueName\":\"search_term_string\"}}],\"inLanguage\":\"fr-FR\"},{\"@type\":\"Organization\",\"@id\":\"https:\/\/cedarome.com\/fr\/#organization\",\"name\":\"Cedarome\",\"url\":\"https:\/\/cedarome.com\/fr\/\",\"logo\":{\"@type\":\"ImageObject\",\"inLanguage\":\"fr-FR\",\"@id\":\"https:\/\/cedarome.com\/fr\/#\/schema\/logo\/image\/\",\"url\":\"https:\/\/cedarome.com\/wp-content\/uploads\/2018\/09\/logo_en_alt.png\",\"contentUrl\":\"https:\/\/cedarome.com\/wp-content\/uploads\/2018\/09\/logo_en_alt.png\",\"width\":1036,\"height\":262,\"caption\":\"Cedarome\"},\"image\":{\"@id\":\"https:\/\/cedarome.com\/fr\/#\/schema\/logo\/image\/\"},\"sameAs\":[\"https:\/\/www.facebook.com\/Cedarome\/\",\"https:\/\/www.instagram.com\/cedarome\/\",\"https:\/\/www.linkedin.com\/company\/cedarome-canada-inc\/\"]}]}<\/script>\n<!-- \/ Yoast SEO plugin. -->","yoast_head_json":{"title":"Citron phase essence - Citrus Limon - Agrumes | Cedarome","description":"Le citron phase essence est un produit de sp\u00e9cialit\u00e9 obtenu par condensation et s\u00e9paration des vapeurs captur\u00e9es lors de l'\u00e9vaporation du jus du fruit du Citrus limon pour produire un concentr\u00e9 de jus de citron.","robots":{"index":"index","follow":"follow","max-snippet":"max-snippet:-1","max-image-preview":"max-image-preview:large","max-video-preview":"max-video-preview:-1"},"canonical":"https:\/\/cedarome.com\/fr\/produit\/citron-phase-essence\/","og_locale":"fr_FR","og_type":"article","og_title":"Citron phase essence - Citrus Limon - Agrumes | Cedarome","og_description":"Le citron phase essence est un produit de sp\u00e9cialit\u00e9 obtenu par condensation et s\u00e9paration des vapeurs captur\u00e9es lors de l'\u00e9vaporation du jus du fruit du Citrus limon pour produire un concentr\u00e9 de jus de citron.","og_url":"https:\/\/cedarome.com\/fr\/produit\/citron-phase-essence\/","og_site_name":"Cedarome","article_publisher":"https:\/\/www.facebook.com\/Cedarome\/","article_modified_time":"2025-03-28T13:24:59+00:00","og_image":[{"width":1397,"height":1024,"url":"https:\/\/cedarome.com\/wp-content\/uploads\/2025\/03\/iStock-1389128157-Lemon-Essence.jpg","type":"image\/jpeg"}],"twitter_card":"summary_large_image","twitter_misc":{"Dur\u00e9e de lecture estim\u00e9e":"1 minute"},"schema":{"@context":"https:\/\/schema.org","@graph":[{"@type":"WebPage","@id":"https:\/\/cedarome.com\/fr\/produit\/citron-phase-essence\/","url":"https:\/\/cedarome.com\/fr\/produit\/citron-phase-essence\/","name":"Citron phase essence - Citrus Limon - Agrumes | Cedarome","isPartOf":{"@id":"https:\/\/cedarome.com\/fr\/#website"},"primaryImageOfPage":{"@id":"https:\/\/cedarome.com\/fr\/produit\/citron-phase-essence\/#primaryimage"},"image":{"@id":"https:\/\/cedarome.com\/fr\/produit\/citron-phase-essence\/#primaryimage"},"thumbnailUrl":"https:\/\/cedarome.com\/wp-content\/uploads\/2025\/03\/iStock-1389128157-Lemon-Essence.jpg","datePublished":"2025-03-20T14:11:16+00:00","dateModified":"2025-03-28T13:24:59+00:00","description":"Le citron phase essence est un produit de sp\u00e9cialit\u00e9 obtenu par condensation et s\u00e9paration des vapeurs captur\u00e9es lors de l'\u00e9vaporation du jus du fruit du Citrus limon pour produire un concentr\u00e9 de jus de citron.","breadcrumb":{"@id":"https:\/\/cedarome.com\/fr\/produit\/citron-phase-essence\/#breadcrumb"},"inLanguage":"fr-FR","potentialAction":[{"@type":"ReadAction","target":["https:\/\/cedarome.com\/fr\/produit\/citron-phase-essence\/"]}]},{"@type":"ImageObject","inLanguage":"fr-FR","@id":"https:\/\/cedarome.com\/fr\/produit\/citron-phase-essence\/#primaryimage","url":"https:\/\/cedarome.com\/wp-content\/uploads\/2025\/03\/iStock-1389128157-Lemon-Essence.jpg","contentUrl":"https:\/\/cedarome.com\/wp-content\/uploads\/2025\/03\/iStock-1389128157-Lemon-Essence.jpg","width":1397,"height":1024},{"@type":"BreadcrumbList","@id":"https:\/\/cedarome.com\/fr\/produit\/citron-phase-essence\/#breadcrumb","itemListElement":[{"@type":"ListItem","position":1,"name":"Home","item":"https:\/\/cedarome.com\/fr\/"},{"@type":"ListItem","position":2,"name":"Notre catalogue","item":"https:\/\/cedarome.com\/fr\/notre-catalogue\/"},{"@type":"ListItem","position":3,"name":"Citron phase essence"}]},{"@type":"WebSite","@id":"https:\/\/cedarome.com\/fr\/#website","url":"https:\/\/cedarome.com\/fr\/","name":"Cedarome","description":"La nature au service des sens","publisher":{"@id":"https:\/\/cedarome.com\/fr\/#organization"},"potentialAction":[{"@type":"SearchAction","target":{"@type":"EntryPoint","urlTemplate":"https:\/\/cedarome.com\/fr\/?s={search_term_string}"},"query-input":{"@type":"PropertyValueSpecification","valueRequired":true,"valueName":"search_term_string"}}],"inLanguage":"fr-FR"},{"@type":"Organization","@id":"https:\/\/cedarome.com\/fr\/#organization","name":"Cedarome","url":"https:\/\/cedarome.com\/fr\/","logo":{"@type":"ImageObject","inLanguage":"fr-FR","@id":"https:\/\/cedarome.com\/fr\/#\/schema\/logo\/image\/","url":"https:\/\/cedarome.com\/wp-content\/uploads\/2018\/09\/logo_en_alt.png","contentUrl":"https:\/\/cedarome.com\/wp-content\/uploads\/2018\/09\/logo_en_alt.png","width":1036,"height":262,"caption":"Cedarome"},"image":{"@id":"https:\/\/cedarome.com\/fr\/#\/schema\/logo\/image\/"},"sameAs":["https:\/\/www.facebook.com\/Cedarome\/","https:\/\/www.instagram.com\/cedarome\/","https:\/\/www.linkedin.com\/company\/cedarome-canada-inc\/"]}]}},"_links":{"self":[{"href":"https:\/\/cedarome.com\/fr\/wp-json\/wp\/v2\/product\/8947","targetHints":{"allow":["GET"]}}],"collection":[{"href":"https:\/\/cedarome.com\/fr\/wp-json\/wp\/v2\/product"}],"about":[{"href":"https:\/\/cedarome.com\/fr\/wp-json\/wp\/v2\/types\/product"}],"wp:featuredmedia":[{"embeddable":true,"href":"https:\/\/cedarome.com\/fr\/wp-json\/wp\/v2\/media\/8951"}],"wp:attachment":[{"href":"https:\/\/cedarome.com\/fr\/wp-json\/wp\/v2\/media?parent=8947"}],"wp:term":[{"taxonomy":"product_cat","embeddable":true,"href":"https:\/\/cedarome.com\/fr\/wp-json\/wp\/v2\/product_cat?post=8947"},{"taxonomy":"product_tag","embeddable":true,"href":"https:\/\/cedarome.com\/fr\/wp-json\/wp\/v2\/product_tag?post=8947"}],"curies":[{"name":"wp","href":"https:\/\/api.w.org\/{rel}","templated":true}]}}