{"id":7591,"date":"2021-05-03T14:00:28","date_gmt":"2021-09-17T20:02:53","guid":{"rendered":"http:\/\/cedarome.com\/?post_type=product&#038;p=7591"},"modified":"2025-07-02T09:42:55","modified_gmt":"2025-07-02T13:42:55","slug":"pruche-de-lest-huile","status":"publish","type":"product","link":"https:\/\/cedarome.com\/fr\/produit\/pruche-de-lest-huile\/","title":{"rendered":"Pruche de l\u2019Est &#8211; Huile"},"content":{"rendered":"<section id=\"bt_bb_section69e5b9273889c\"  class=\"bt_bb_section bt_bb_layout_wide bt_bb_vertical_align_top\"     data-bt-override-class=\"null\"><div class=\"bt_bb_port\"><div class=\"bt_bb_cell\"><div class=\"bt_bb_cell_inner\"><div class=\"bt_bb_row \"  data-bt-override-class=\"{}\"><div class=\"bt_bb_row_holder\" style=\"; 0\"><div  class=\"bt_bb_column col-xxl-12 col-xl-12 bt_bb_vertical_align_top bt_bb_align_left bt_bb_padding_normal\" style=\"; --column-width:12;\" data-width=\"12\" data-bt-override-class=\"{}\"><div class=\"bt_bb_column_content\"><div class=\"bt_bb_column_content_inner\"><header class=\"bt_bb_headline bt_bb_dash_bottom bt_bb_size_inherit bt_bb_align_inherit\" data-bt-override-class=\"{}\"><h2 class=\"bt_bb_headline_tag\"><span class=\"bt_bb_headline_content\"><span>Description<\/span><\/span><\/h2><\/header><div  class=\"bt_bb_text\" ><\/p>\n<p>L&rsquo;huile essentielle de pruche de l&rsquo;Est provient de la for\u00eat bor\u00e9ale canadienne. Elle est obtenue \u00e0 partir des aiguilles et des brindilles de l&rsquo;arbre <em>Tsuga canadensis<\/em> par distillation \u00e0 la vapeur. C&rsquo;est un liquide incolore \u00e0 jaune p\u00e2le avec un ar\u00f4me unique.<\/p>\n<p>\n<\/div><div class=\"bt_bb_separator bt_bb_border_style_none bt_bb_bottom_spacing_normal\" data-bt-override-class=\"null\"><\/div><header class=\"bt_bb_headline bt_bb_dash_bottom bt_bb_size_inherit bt_bb_align_inherit\" data-bt-override-class=\"{&quot;bt_bb_size_&quot;:{&quot;current_class&quot;:&quot;bt_bb_size_inherit&quot;,&quot;def&quot;:&quot;inherit&quot;,&quot;xl&quot;:&quot;inherit&quot;},&quot;bt_bb_align_&quot;:{&quot;current_class&quot;:&quot;bt_bb_align_inherit&quot;,&quot;def&quot;:&quot;inherit&quot;,&quot;xl&quot;:&quot;inherit&quot;}}\"><h2 class=\"bt_bb_headline_tag\"><span class=\"bt_bb_headline_content\"><span>Profil Olfactif<\/span><\/span><\/h2><\/header><div  class=\"bt_bb_text\" ><\/p>\n<p>Un parfum de conif\u00e8re unique, riche et chaleureux, aux facettes \u00e9pic\u00e9es et fruit\u00e9es.<\/p>\n<p>\n<\/div><div class=\"bt_bb_separator bt_bb_border_style_none bt_bb_bottom_spacing_small\" data-bt-override-class=\"null\"><\/div><div class=\" bt_bb_row_inner\"   data-bt-override-class=\"{}\"><div class=\"bt_bb_row_inner_holder\" style=\"; 0\" ><div  class=\"bt_bb_column_inner col-xxl-4 col-xl-4 bt_bb_vertical_align_top bt_bb_align_center bt_bb_padding_normal\"  data-width=\"4\" data-bt-override-class=\"{}\"><div class=\"bt_bb_column_inner_content\"><div class=\"bt_bb_column_inner_content_inner\"><div class=\"bt_bb_image bt_bb_shape_square bt_bb_target_self bt_bb_align_inherit bt_bb_hover_style_simple bt_bb_content_display_always bt_bb_content_align_middle\" data-bt-override-class=\"{}\"><span><img decoding=\"async\" width=\"38\" height=\"48\" src=\"https:\/\/cedarome.com\/wp-content\/uploads\/2019\/04\/olfactive_icons_WOODY-BOIS\u00c9-38x48.png\" class=\"attachment-48px size-48px\" alt=\"Woody\" data-full_image_src=\"https:\/\/cedarome.com\/wp-content\/uploads\/2019\/04\/olfactive_icons_WOODY-BOIS\u00c9.png\" title=\"Woody\" loading=\"eager\" srcset=\"https:\/\/cedarome.com\/wp-content\/uploads\/2019\/04\/olfactive_icons_WOODY-BOIS\u00c9-38x48.png 38w, https:\/\/cedarome.com\/wp-content\/uploads\/2019\/04\/olfactive_icons_WOODY-BOIS\u00c9-640x801.png 640w, https:\/\/cedarome.com\/wp-content\/uploads\/2019\/04\/olfactive_icons_WOODY-BOIS\u00c9-768x961.png 768w, https:\/\/cedarome.com\/wp-content\/uploads\/2019\/04\/olfactive_icons_WOODY-BOIS\u00c9-32x40.png 32w, https:\/\/cedarome.com\/wp-content\/uploads\/2019\/04\/olfactive_icons_WOODY-BOIS\u00c9-26x32.png 26w, https:\/\/cedarome.com\/wp-content\/uploads\/2019\/04\/olfactive_icons_WOODY-BOIS\u00c9-320x401.png 320w, https:\/\/cedarome.com\/wp-content\/uploads\/2019\/04\/olfactive_icons_WOODY-BOIS\u00c9-19x24.png 19w, https:\/\/cedarome.com\/wp-content\/uploads\/2019\/04\/olfactive_icons_WOODY-BOIS\u00c9-29x36.png 29w, https:\/\/cedarome.com\/wp-content\/uploads\/2019\/04\/olfactive_icons_WOODY-BOIS\u00c9-600x751.png 600w, https:\/\/cedarome.com\/wp-content\/uploads\/2019\/04\/olfactive_icons_WOODY-BOIS\u00c9.png 901w\" sizes=\"(max-width: 38px) 100vw, 38px\" \/><\/span><\/div><div class=\"bt_bb_separator bt_bb_border_style_none bt_bb_bottom_spacing_small\" data-bt-override-class=\"null\"><\/div><header class=\"bt_bb_headline bt_bb_dash_none bt_bb_size_inherit bt_bb_align_inherit\" style=\";color:#3c4543;border-color:#3c4543;\" data-bt-override-class=\"{&quot;bt_bb_size_&quot;:{&quot;current_class&quot;:&quot;bt_bb_size_inherit&quot;,&quot;def&quot;:&quot;inherit&quot;,&quot;xl&quot;:&quot;inherit&quot;},&quot;bt_bb_align_&quot;:{&quot;current_class&quot;:&quot;bt_bb_align_inherit&quot;,&quot;def&quot;:&quot;inherit&quot;,&quot;xl&quot;:&quot;inherit&quot;}}\"><h6 class=\"bt_bb_headline_tag\"><span class=\"bt_bb_headline_content\"><span><b>Bois\u00e9 <\/b><\/span><\/span><\/h6><\/header><\/div><\/div><\/div><div  class=\"bt_bb_column_inner col-xxl-4 col-xl-4 bt_bb_vertical_align_top bt_bb_align_center bt_bb_padding_normal\"  data-width=\"4\" data-bt-override-class=\"{}\"><div class=\"bt_bb_column_inner_content\"><div class=\"bt_bb_column_inner_content_inner\"><div class=\"bt_bb_separator bt_bb_border_style_none bt_bb_bottom_spacing_extra_small\" data-bt-override-class=\"null\"><\/div><div class=\"bt_bb_image bt_bb_shape_square bt_bb_target_self bt_bb_align_inherit bt_bb_hover_style_simple bt_bb_content_display_always bt_bb_content_align_middle\" data-bt-override-class=\"{}\"><span><img decoding=\"async\" width=\"32\" height=\"40\" src=\"https:\/\/cedarome.com\/wp-content\/uploads\/2019\/04\/olfactive_icons_AROMATIC-AROMATIQUE-32x40.png\" class=\"attachment-40px size-40px\" alt=\"Aromatic\" data-full_image_src=\"https:\/\/cedarome.com\/wp-content\/uploads\/2019\/04\/olfactive_icons_AROMATIC-AROMATIQUE.png\" title=\"Aromatic\" loading=\"eager\" srcset=\"https:\/\/cedarome.com\/wp-content\/uploads\/2019\/04\/olfactive_icons_AROMATIC-AROMATIQUE-32x40.png 32w, https:\/\/cedarome.com\/wp-content\/uploads\/2019\/04\/olfactive_icons_AROMATIC-AROMATIQUE-640x801.png 640w, https:\/\/cedarome.com\/wp-content\/uploads\/2019\/04\/olfactive_icons_AROMATIC-AROMATIQUE-768x961.png 768w, https:\/\/cedarome.com\/wp-content\/uploads\/2019\/04\/olfactive_icons_AROMATIC-AROMATIQUE-38x48.png 38w, https:\/\/cedarome.com\/wp-content\/uploads\/2019\/04\/olfactive_icons_AROMATIC-AROMATIQUE-26x32.png 26w, https:\/\/cedarome.com\/wp-content\/uploads\/2019\/04\/olfactive_icons_AROMATIC-AROMATIQUE-320x401.png 320w, https:\/\/cedarome.com\/wp-content\/uploads\/2019\/04\/olfactive_icons_AROMATIC-AROMATIQUE-19x24.png 19w, https:\/\/cedarome.com\/wp-content\/uploads\/2019\/04\/olfactive_icons_AROMATIC-AROMATIQUE-29x36.png 29w, https:\/\/cedarome.com\/wp-content\/uploads\/2019\/04\/olfactive_icons_AROMATIC-AROMATIQUE-600x751.png 600w, https:\/\/cedarome.com\/wp-content\/uploads\/2019\/04\/olfactive_icons_AROMATIC-AROMATIQUE.png 901w\" sizes=\"(max-width: 32px) 100vw, 32px\" \/><\/span><\/div><div class=\"bt_bb_separator bt_bb_border_style_none bt_bb_bottom_spacing_small\" data-bt-override-class=\"null\"><\/div><header class=\"bt_bb_headline bt_bb_dash_none bt_bb_size_inherit bt_bb_align_inherit\" style=\";color:#3c4543;border-color:#3c4543;\" data-bt-override-class=\"{&quot;bt_bb_size_&quot;:{&quot;current_class&quot;:&quot;bt_bb_size_inherit&quot;,&quot;def&quot;:&quot;inherit&quot;,&quot;xl&quot;:&quot;inherit&quot;},&quot;bt_bb_align_&quot;:{&quot;current_class&quot;:&quot;bt_bb_align_inherit&quot;,&quot;def&quot;:&quot;inherit&quot;,&quot;xl&quot;:&quot;inherit&quot;}}\"><h6 class=\"bt_bb_headline_tag\"><span class=\"bt_bb_headline_content\"><span><b>Aromatique<\/b><\/span><\/span><\/h6><\/header><\/div><\/div><\/div><div  class=\"bt_bb_column_inner col-xxl-4 col-xl-4 bt_bb_vertical_align_top bt_bb_align_left bt_bb_padding_normal\"  data-width=\"4\" data-bt-override-class=\"{}\"><div class=\"bt_bb_column_inner_content\"><div class=\"bt_bb_column_inner_content_inner\"><\/div><\/div><\/div><\/div><\/div><div class=\"bt_bb_separator bt_bb_border_style_none bt_bb_bottom_spacing_normal\" data-bt-override-class=\"null\"><\/div><header class=\"bt_bb_headline bt_bb_dash_bottom bt_bb_size_inherit bt_bb_align_inherit\" data-bt-override-class=\"{&quot;bt_bb_size_&quot;:{&quot;current_class&quot;:&quot;bt_bb_size_inherit&quot;,&quot;def&quot;:&quot;inherit&quot;,&quot;xl&quot;:&quot;inherit&quot;},&quot;bt_bb_align_&quot;:{&quot;current_class&quot;:&quot;bt_bb_align_inherit&quot;,&quot;def&quot;:&quot;inherit&quot;,&quot;xl&quot;:&quot;inherit&quot;}}\"><h2 class=\"bt_bb_headline_tag\"><span class=\"bt_bb_headline_content\"><span>Profil de saveur<\/span><\/span><\/h2><\/header><div  class=\"bt_bb_text\" ><\/p>\n<p>Frais et m\u00e9dicinal.<\/p>\n<p><span>\u00a0<\/span><\/p>\n<p>\n<\/div><div class=\"bt_bb_separator bt_bb_border_style_none bt_bb_bottom_spacing_extra_small\" data-bt-override-class=\"null\"><\/div><\/div><\/div><\/div><\/div><\/div><\/div><\/div><\/div><\/section>\n","protected":false},"excerpt":{"rendered":"","protected":false},"featured_media":6812,"template":"","meta":[],"product_cat":[125],"product_tag":[],"class_list":{"0":"post-7591","1":"product","2":"type-product","3":"status-publish","4":"has-post-thumbnail","6":"product_cat-nature-canadienne","8":"first","9":"instock","10":"shipping-taxable","11":"product-type-simple"},"yoast_head":"<!-- This site is optimized with the Yoast SEO plugin v27.2 - https:\/\/yoast.com\/product\/yoast-seo-wordpress\/ -->\n<title>Pruche de l&#039;Est - Tsuga canadensis - Nature Canadienne | Cedarome<\/title>\n<meta name=\"description\" content=\"L&#039;huile essentielle de pruche de l&#039;Est provient de la for\u00eat bor\u00e9ale canadienne. Elle est obtenue \u00e0 partir des aiguilles et des brindilles de l&#039;arbre Tsuga canadensis par distillation \u00e0 la vapeur.\" \/>\n<meta name=\"robots\" content=\"index, follow, max-snippet:-1, max-image-preview:large, max-video-preview:-1\" \/>\n<link rel=\"canonical\" href=\"https:\/\/cedarome.com\/fr\/produit\/pruche-de-lest-huile\/\" \/>\n<meta property=\"og:locale\" content=\"fr_FR\" \/>\n<meta property=\"og:type\" content=\"article\" \/>\n<meta property=\"og:title\" content=\"Pruche de l&#039;Est - Tsuga canadensis - Nature Canadienne | Cedarome\" \/>\n<meta property=\"og:description\" content=\"L&#039;huile essentielle de pruche de l&#039;Est provient de la for\u00eat bor\u00e9ale canadienne. Elle est obtenue \u00e0 partir des aiguilles et des brindilles de l&#039;arbre Tsuga canadensis par distillation \u00e0 la vapeur.\" \/>\n<meta property=\"og:url\" content=\"https:\/\/cedarome.com\/fr\/produit\/pruche-de-lest-huile\/\" \/>\n<meta property=\"og:site_name\" content=\"Cedarome\" \/>\n<meta property=\"article:publisher\" content=\"https:\/\/www.facebook.com\/Cedarome\/\" \/>\n<meta property=\"article:modified_time\" content=\"2025-07-02T13:42:55+00:00\" \/>\n<meta property=\"og:image\" content=\"https:\/\/cedarome.com\/wp-content\/uploads\/2019\/05\/Eastern-Hemlock-CU-Pruche_198556314.jpg\" \/>\n\t<meta property=\"og:image:width\" content=\"700\" \/>\n\t<meta property=\"og:image:height\" content=\"700\" \/>\n\t<meta property=\"og:image:type\" content=\"image\/jpeg\" \/>\n<meta name=\"twitter:card\" content=\"summary_large_image\" \/>\n<meta name=\"twitter:label1\" content=\"Dur\u00e9e de lecture estim\u00e9e\" \/>\n\t<meta name=\"twitter:data1\" content=\"2 minutes\" \/>\n<script type=\"application\/ld+json\" class=\"yoast-schema-graph\">{\"@context\":\"https:\/\/schema.org\",\"@graph\":[{\"@type\":\"WebPage\",\"@id\":\"https:\/\/cedarome.com\/fr\/produit\/pruche-de-lest-huile\/\",\"url\":\"https:\/\/cedarome.com\/fr\/produit\/pruche-de-lest-huile\/\",\"name\":\"Pruche de l'Est - Tsuga canadensis - Nature Canadienne | Cedarome\",\"isPartOf\":{\"@id\":\"https:\/\/cedarome.com\/fr\/#website\"},\"primaryImageOfPage\":{\"@id\":\"https:\/\/cedarome.com\/fr\/produit\/pruche-de-lest-huile\/#primaryimage\"},\"image\":{\"@id\":\"https:\/\/cedarome.com\/fr\/produit\/pruche-de-lest-huile\/#primaryimage\"},\"thumbnailUrl\":\"https:\/\/cedarome.com\/wp-content\/uploads\/2019\/05\/Eastern-Hemlock-CU-Pruche_198556314.jpg\",\"datePublished\":\"2021-09-17T20:02:53+00:00\",\"dateModified\":\"2025-07-02T13:42:55+00:00\",\"description\":\"L'huile essentielle de pruche de l'Est provient de la for\u00eat bor\u00e9ale canadienne. Elle est obtenue \u00e0 partir des aiguilles et des brindilles de l'arbre Tsuga canadensis par distillation \u00e0 la vapeur.\",\"breadcrumb\":{\"@id\":\"https:\/\/cedarome.com\/fr\/produit\/pruche-de-lest-huile\/#breadcrumb\"},\"inLanguage\":\"fr-FR\",\"potentialAction\":[{\"@type\":\"ReadAction\",\"target\":[\"https:\/\/cedarome.com\/fr\/produit\/pruche-de-lest-huile\/\"]}]},{\"@type\":\"ImageObject\",\"inLanguage\":\"fr-FR\",\"@id\":\"https:\/\/cedarome.com\/fr\/produit\/pruche-de-lest-huile\/#primaryimage\",\"url\":\"https:\/\/cedarome.com\/wp-content\/uploads\/2019\/05\/Eastern-Hemlock-CU-Pruche_198556314.jpg\",\"contentUrl\":\"https:\/\/cedarome.com\/wp-content\/uploads\/2019\/05\/Eastern-Hemlock-CU-Pruche_198556314.jpg\",\"width\":700,\"height\":700,\"caption\":\"Eastern-Hemlock-CU-Pruche\"},{\"@type\":\"BreadcrumbList\",\"@id\":\"https:\/\/cedarome.com\/fr\/produit\/pruche-de-lest-huile\/#breadcrumb\",\"itemListElement\":[{\"@type\":\"ListItem\",\"position\":1,\"name\":\"Home\",\"item\":\"https:\/\/cedarome.com\/fr\/\"},{\"@type\":\"ListItem\",\"position\":2,\"name\":\"Notre catalogue\",\"item\":\"https:\/\/cedarome.com\/fr\/notre-catalogue\/\"},{\"@type\":\"ListItem\",\"position\":3,\"name\":\"Pruche de l\u2019Est &#8211; Huile\"}]},{\"@type\":\"WebSite\",\"@id\":\"https:\/\/cedarome.com\/fr\/#website\",\"url\":\"https:\/\/cedarome.com\/fr\/\",\"name\":\"Cedarome\",\"description\":\"La nature au service des sens\",\"publisher\":{\"@id\":\"https:\/\/cedarome.com\/fr\/#organization\"},\"potentialAction\":[{\"@type\":\"SearchAction\",\"target\":{\"@type\":\"EntryPoint\",\"urlTemplate\":\"https:\/\/cedarome.com\/fr\/?s={search_term_string}\"},\"query-input\":{\"@type\":\"PropertyValueSpecification\",\"valueRequired\":true,\"valueName\":\"search_term_string\"}}],\"inLanguage\":\"fr-FR\"},{\"@type\":\"Organization\",\"@id\":\"https:\/\/cedarome.com\/fr\/#organization\",\"name\":\"Cedarome\",\"url\":\"https:\/\/cedarome.com\/fr\/\",\"logo\":{\"@type\":\"ImageObject\",\"inLanguage\":\"fr-FR\",\"@id\":\"https:\/\/cedarome.com\/fr\/#\/schema\/logo\/image\/\",\"url\":\"https:\/\/cedarome.com\/wp-content\/uploads\/2018\/09\/logo_en_alt.png\",\"contentUrl\":\"https:\/\/cedarome.com\/wp-content\/uploads\/2018\/09\/logo_en_alt.png\",\"width\":1036,\"height\":262,\"caption\":\"Cedarome\"},\"image\":{\"@id\":\"https:\/\/cedarome.com\/fr\/#\/schema\/logo\/image\/\"},\"sameAs\":[\"https:\/\/www.facebook.com\/Cedarome\/\",\"https:\/\/www.instagram.com\/cedarome\/\",\"https:\/\/www.linkedin.com\/company\/cedarome-canada-inc\/\"]}]}<\/script>\n<!-- \/ Yoast SEO plugin. -->","yoast_head_json":{"title":"Pruche de l'Est - Tsuga canadensis - Nature Canadienne | Cedarome","description":"L'huile essentielle de pruche de l'Est provient de la for\u00eat bor\u00e9ale canadienne. Elle est obtenue \u00e0 partir des aiguilles et des brindilles de l'arbre Tsuga canadensis par distillation \u00e0 la vapeur.","robots":{"index":"index","follow":"follow","max-snippet":"max-snippet:-1","max-image-preview":"max-image-preview:large","max-video-preview":"max-video-preview:-1"},"canonical":"https:\/\/cedarome.com\/fr\/produit\/pruche-de-lest-huile\/","og_locale":"fr_FR","og_type":"article","og_title":"Pruche de l'Est - Tsuga canadensis - Nature Canadienne | Cedarome","og_description":"L'huile essentielle de pruche de l'Est provient de la for\u00eat bor\u00e9ale canadienne. Elle est obtenue \u00e0 partir des aiguilles et des brindilles de l'arbre Tsuga canadensis par distillation \u00e0 la vapeur.","og_url":"https:\/\/cedarome.com\/fr\/produit\/pruche-de-lest-huile\/","og_site_name":"Cedarome","article_publisher":"https:\/\/www.facebook.com\/Cedarome\/","article_modified_time":"2025-07-02T13:42:55+00:00","og_image":[{"width":700,"height":700,"url":"https:\/\/cedarome.com\/wp-content\/uploads\/2019\/05\/Eastern-Hemlock-CU-Pruche_198556314.jpg","type":"image\/jpeg"}],"twitter_card":"summary_large_image","twitter_misc":{"Dur\u00e9e de lecture estim\u00e9e":"2 minutes"},"schema":{"@context":"https:\/\/schema.org","@graph":[{"@type":"WebPage","@id":"https:\/\/cedarome.com\/fr\/produit\/pruche-de-lest-huile\/","url":"https:\/\/cedarome.com\/fr\/produit\/pruche-de-lest-huile\/","name":"Pruche de l'Est - Tsuga canadensis - Nature Canadienne | Cedarome","isPartOf":{"@id":"https:\/\/cedarome.com\/fr\/#website"},"primaryImageOfPage":{"@id":"https:\/\/cedarome.com\/fr\/produit\/pruche-de-lest-huile\/#primaryimage"},"image":{"@id":"https:\/\/cedarome.com\/fr\/produit\/pruche-de-lest-huile\/#primaryimage"},"thumbnailUrl":"https:\/\/cedarome.com\/wp-content\/uploads\/2019\/05\/Eastern-Hemlock-CU-Pruche_198556314.jpg","datePublished":"2021-09-17T20:02:53+00:00","dateModified":"2025-07-02T13:42:55+00:00","description":"L'huile essentielle de pruche de l'Est provient de la for\u00eat bor\u00e9ale canadienne. Elle est obtenue \u00e0 partir des aiguilles et des brindilles de l'arbre Tsuga canadensis par distillation \u00e0 la vapeur.","breadcrumb":{"@id":"https:\/\/cedarome.com\/fr\/produit\/pruche-de-lest-huile\/#breadcrumb"},"inLanguage":"fr-FR","potentialAction":[{"@type":"ReadAction","target":["https:\/\/cedarome.com\/fr\/produit\/pruche-de-lest-huile\/"]}]},{"@type":"ImageObject","inLanguage":"fr-FR","@id":"https:\/\/cedarome.com\/fr\/produit\/pruche-de-lest-huile\/#primaryimage","url":"https:\/\/cedarome.com\/wp-content\/uploads\/2019\/05\/Eastern-Hemlock-CU-Pruche_198556314.jpg","contentUrl":"https:\/\/cedarome.com\/wp-content\/uploads\/2019\/05\/Eastern-Hemlock-CU-Pruche_198556314.jpg","width":700,"height":700,"caption":"Eastern-Hemlock-CU-Pruche"},{"@type":"BreadcrumbList","@id":"https:\/\/cedarome.com\/fr\/produit\/pruche-de-lest-huile\/#breadcrumb","itemListElement":[{"@type":"ListItem","position":1,"name":"Home","item":"https:\/\/cedarome.com\/fr\/"},{"@type":"ListItem","position":2,"name":"Notre catalogue","item":"https:\/\/cedarome.com\/fr\/notre-catalogue\/"},{"@type":"ListItem","position":3,"name":"Pruche de l\u2019Est &#8211; Huile"}]},{"@type":"WebSite","@id":"https:\/\/cedarome.com\/fr\/#website","url":"https:\/\/cedarome.com\/fr\/","name":"Cedarome","description":"La nature au service des sens","publisher":{"@id":"https:\/\/cedarome.com\/fr\/#organization"},"potentialAction":[{"@type":"SearchAction","target":{"@type":"EntryPoint","urlTemplate":"https:\/\/cedarome.com\/fr\/?s={search_term_string}"},"query-input":{"@type":"PropertyValueSpecification","valueRequired":true,"valueName":"search_term_string"}}],"inLanguage":"fr-FR"},{"@type":"Organization","@id":"https:\/\/cedarome.com\/fr\/#organization","name":"Cedarome","url":"https:\/\/cedarome.com\/fr\/","logo":{"@type":"ImageObject","inLanguage":"fr-FR","@id":"https:\/\/cedarome.com\/fr\/#\/schema\/logo\/image\/","url":"https:\/\/cedarome.com\/wp-content\/uploads\/2018\/09\/logo_en_alt.png","contentUrl":"https:\/\/cedarome.com\/wp-content\/uploads\/2018\/09\/logo_en_alt.png","width":1036,"height":262,"caption":"Cedarome"},"image":{"@id":"https:\/\/cedarome.com\/fr\/#\/schema\/logo\/image\/"},"sameAs":["https:\/\/www.facebook.com\/Cedarome\/","https:\/\/www.instagram.com\/cedarome\/","https:\/\/www.linkedin.com\/company\/cedarome-canada-inc\/"]}]}},"_links":{"self":[{"href":"https:\/\/cedarome.com\/fr\/wp-json\/wp\/v2\/product\/7591","targetHints":{"allow":["GET"]}}],"collection":[{"href":"https:\/\/cedarome.com\/fr\/wp-json\/wp\/v2\/product"}],"about":[{"href":"https:\/\/cedarome.com\/fr\/wp-json\/wp\/v2\/types\/product"}],"wp:featuredmedia":[{"embeddable":true,"href":"https:\/\/cedarome.com\/fr\/wp-json\/wp\/v2\/media\/6812"}],"wp:attachment":[{"href":"https:\/\/cedarome.com\/fr\/wp-json\/wp\/v2\/media?parent=7591"}],"wp:term":[{"taxonomy":"product_cat","embeddable":true,"href":"https:\/\/cedarome.com\/fr\/wp-json\/wp\/v2\/product_cat?post=7591"},{"taxonomy":"product_tag","embeddable":true,"href":"https:\/\/cedarome.com\/fr\/wp-json\/wp\/v2\/product_tag?post=7591"}],"curies":[{"name":"wp","href":"https:\/\/api.w.org\/{rel}","templated":true}]}}