{"id":8566,"date":"2025-01-20T09:46:32","date_gmt":"2025-01-20T14:46:32","guid":{"rendered":"http:\/\/local.cedarome.com\/?page_id=8566"},"modified":"2025-07-02T12:22:09","modified_gmt":"2025-07-02T16:22:09","slug":"sales-contact-form-fr","status":"publish","type":"page","link":"https:\/\/cedarome.com\/fr\/sales-contact-form-fr\/","title":{"rendered":"Sales contact form FR"},"content":{"rendered":"<section data-bb-version=\"5.2.5\" id=\"sales-contact-form\"  class=\"bt_bb_section bt_bb_layout_boxed_1200 bt_bb_vertical_align_top bt_bb_top_spacing_none bt_bb_bottom_spacing_none\"     data-bt-override-class=\"{&quot;bt_bb_top_spacing_&quot;:{&quot;current_class&quot;:&quot;bt_bb_top_spacing_none&quot;,&quot;def&quot;:&quot;none&quot;},&quot;bt_bb_bottom_spacing_&quot;:{&quot;current_class&quot;:&quot;bt_bb_bottom_spacing_none&quot;,&quot;def&quot;:&quot;none&quot;}}\"><div class=\"bt_bb_port\"><div class=\"bt_bb_cell\"><div class=\"bt_bb_cell_inner\"><div class=\"bt_bb_row \"  data-bt-override-class=\"{}\"><div class=\"bt_bb_row_holder\" style=\"; 0\"><div data-bb-version=\"5.2.5\"  class=\"bt_bb_column col-xxl-12 col-xl-12 col-xs-12 col-sm-12 col-md-12 col-lg-12 bt_bb_vertical_align_top bt_bb_align_left bt_bb_padding_normal\" style=\"; --column-width:12;\" data-width=\"12\" data-bt-override-class=\"{}\"><div class=\"bt_bb_column_content\"><div class=\"bt_bb_column_content_inner\"><div class=\"bt_bb_separator bt_bb_border_style_none bt_bb_bottom_spacing_medium\" data-bt-override-class=\"null\"><\/div><div data-bb-version=\"5.2.5\" class=\"bt_bb_button close_form bt_bb_color_scheme_11 bt_bb_icon_position_left bt_bb_style_filled bt_bb_size_small bt_bb_width_inline bt_bb_shape_inherit bt_bb_target_self bt_bb_text_transform_inherit bt_bb_align_right\" style=\"; --primary-color:#ffffff; --secondary-color:#58a300;\" data-bt-override-class=\"{&quot;bt_bb_size_&quot;:{&quot;current_class&quot;:&quot;bt_bb_size_small&quot;,&quot;def&quot;:&quot;small&quot;},&quot;bt_bb_align_&quot;:{&quot;current_class&quot;:&quot;bt_bb_align_right&quot;,&quot;def&quot;:&quot;right&quot;},&quot;bt_bb_animation_&quot;:{&quot;current_class&quot;:&quot;bt_bb_animation_no_animation&quot;,&quot;def&quot;:&quot;no_animation&quot;}}\"><a href=\"#\" target=\"_self\" class=\"bt_bb_link\" title=\"X\"><span class=\"bt_bb_button_text\" >X<\/span><\/a><\/div><div class=\"bt_bb_separator bt_bb_border_style_none bt_bb_bottom_spacing_medium\" data-bt-override-class=\"null\"><\/div><div data-bb-version=\"5.2.5\" class=\"bt_bb_contact_form_7\">\n<div class=\"wpcf7 no-js\" id=\"wpcf7-f8557-o1\" lang=\"en-US\" dir=\"ltr\" data-wpcf7-id=\"8557\">\n<div class=\"screen-reader-response\"><p role=\"status\" aria-live=\"polite\" aria-atomic=\"true\"><\/p> <ul><\/ul><\/div>\n<form action=\"\/fr\/wp-json\/wp\/v2\/pages\/8566#wpcf7-f8557-o1\" method=\"post\" class=\"wpcf7-form init\" aria-label=\"Contact form\" novalidate=\"novalidate\" data-status=\"init\">\n<fieldset class=\"hidden-fields-container\"><input type=\"hidden\" name=\"_wpcf7\" value=\"8557\" \/><input type=\"hidden\" name=\"_wpcf7_version\" value=\"6.1.5\" \/><input type=\"hidden\" name=\"_wpcf7_locale\" value=\"en_US\" \/><input type=\"hidden\" name=\"_wpcf7_unit_tag\" value=\"wpcf7-f8557-o1\" \/><input type=\"hidden\" name=\"_wpcf7_container_post\" value=\"0\" \/><input type=\"hidden\" name=\"_wpcf7_posted_data_hash\" value=\"\" \/><input type=\"hidden\" name=\"_wpcf7_recaptcha_response\" value=\"\" \/>\n<\/fieldset>\n<p><label><span class=\"bt_bb_required\">Nom complet<\/span><br \/>\n<span class=\"wpcf7-form-control-wrap\" data-name=\"your-name\"><input size=\"40\" maxlength=\"400\" class=\"wpcf7-form-control wpcf7-text wpcf7-validates-as-required\" aria-required=\"true\" aria-invalid=\"false\" value=\"\" type=\"text\" name=\"your-name\" \/><\/span> <\/label>\n<\/p>\n<p><label><span class=\"bt_bb_required\">Nom de l'entreprise<\/span><br \/>\n<span class=\"wpcf7-form-control-wrap\" data-name=\"your-company\"><input size=\"40\" maxlength=\"400\" class=\"wpcf7-form-control wpcf7-text wpcf7-validates-as-required\" aria-required=\"true\" aria-invalid=\"false\" value=\"\" type=\"text\" name=\"your-company\" \/><\/span> <\/label>\n<\/p>\n<p><label><span class=\"bt_bb_required\">Courriel<\/span><br \/>\n<span class=\"wpcf7-form-control-wrap\" data-name=\"your-email\"><input size=\"40\" maxlength=\"400\" class=\"wpcf7-form-control wpcf7-email wpcf7-validates-as-required wpcf7-text wpcf7-validates-as-email\" aria-required=\"true\" aria-invalid=\"false\" value=\"\" type=\"email\" name=\"your-email\" \/><\/span> <\/label>\n<\/p>\n<p><label><span class=\"bt_bb_required\">Pays<\/span><br \/>\n<span class=\"wpcf7-form-control-wrap\" data-name=\"your-country\"><input size=\"40\" maxlength=\"400\" class=\"wpcf7-form-control wpcf7-text wpcf7-validates-as-required\" aria-required=\"true\" aria-invalid=\"false\" value=\"\" type=\"text\" name=\"your-country\" \/><\/span><\/label>\n<\/p>\n<p><label>T\u00e9l\u00e9phone<br \/>\n<span class=\"wpcf7-form-control-wrap\" data-name=\"your-phone\"><input size=\"40\" maxlength=\"400\" class=\"wpcf7-form-control wpcf7-tel wpcf7-text wpcf7-validates-as-tel\" autocomplete=\"tel\" aria-invalid=\"false\" value=\"\" type=\"tel\" name=\"your-phone\" \/><\/span><\/label>\n<\/p>\n<p><label>Sujet<br \/>\n<span class=\"wpcf7-form-control-wrap\" data-name=\"your-subject\"><input size=\"40\" maxlength=\"400\" class=\"wpcf7-form-control wpcf7-text\" aria-invalid=\"false\" value=\"\" type=\"text\" name=\"your-subject\" \/><\/span> <\/label>\n<\/p>\n<p><label>Message<br \/>\n<span class=\"wpcf7-form-control-wrap\" data-name=\"your-message\"><textarea cols=\"40\" rows=\"8\" maxlength=\"2000\" class=\"wpcf7-form-control wpcf7-textarea\" aria-invalid=\"false\" name=\"your-message\"><\/textarea><\/span> <\/label>\n<\/p>\n<p><span class=\"wpcf7-form-control-wrap\" data-name=\"checkbox-new-products\"><span class=\"wpcf7-form-control wpcf7-checkbox\"><span class=\"wpcf7-list-item first last\"><input type=\"checkbox\" name=\"checkbox-new-products[]\" value=\"J\u2019aimerais recevoir des courriels occasionnels contenant des informations importantes sur des produits, des \u00e9l\u00e9ments g\u00e9ographiques, de nouvelles technologies et m\u00e9thodes, ainsi que des mises \u00e0 jour sur les certifications.\" \/><span class=\"wpcf7-list-item-label\">J\u2019aimerais recevoir des courriels occasionnels contenant des informations importantes sur des produits, des \u00e9l\u00e9ments g\u00e9ographiques, de nouvelles technologies et m\u00e9thodes, ainsi que des mises \u00e0 jour sur les certifications.<\/span><\/span><\/span><\/span>\n<\/p>\n<p><span class=\"wpcf7-form-control-wrap\" data-name=\"acceptance-258\"><span class=\"wpcf7-form-control wpcf7-acceptance\"><span class=\"wpcf7-list-item\"><label><input type=\"checkbox\" name=\"acceptance-258\" value=\"1\" aria-invalid=\"false\" \/><span class=\"wpcf7-list-item-label\">J'accepte que Cedarome collecte, stocke et utilise mes informations \u00e0 des fins de contact uniquement, tel que d\u00e9crit dans la politique de confidentialit\u00e9.<\/span><\/label><\/span><\/span><\/span>\n<\/p>\n<p><input class=\"wpcf7-form-control wpcf7-submit has-spinner\" type=\"submit\" value=\"Envoyer\" \/>\n<\/p><div class=\"wpcf7-response-output\" aria-hidden=\"true\"><\/div>\n<\/form>\n<\/div>\n<\/div><div class=\"bt_bb_separator bt_bb_border_style_none bt_bb_bottom_spacing_medium\" data-bt-override-class=\"null\"><\/div><\/div><\/div><\/div><\/div><\/div><\/div><\/div><\/div><\/section>\n","protected":false},"excerpt":{"rendered":"","protected":false},"author":8,"featured_media":0,"parent":0,"menu_order":61,"comment_status":"closed","ping_status":"closed","template":"","meta":{"footnotes":""},"class_list":["post-8566","page","type-page","status-publish","hentry"],"yoast_head":"<!-- This site is optimized with the Yoast SEO plugin v27.2 - https:\/\/yoast.com\/product\/yoast-seo-wordpress\/ -->\n<title>Sales contact form FR - Cedarome<\/title>\n<meta name=\"robots\" content=\"noindex, follow\" \/>\n<meta property=\"og:locale\" content=\"fr_FR\" \/>\n<meta property=\"og:type\" content=\"article\" \/>\n<meta property=\"og:title\" content=\"Sales contact form FR - Cedarome\" \/>\n<meta property=\"og:url\" content=\"https:\/\/cedarome.com\/fr\/sales-contact-form-fr\/\" \/>\n<meta property=\"og:site_name\" content=\"Cedarome\" \/>\n<meta property=\"article:publisher\" content=\"https:\/\/www.facebook.com\/Cedarome\/\" \/>\n<meta property=\"article:modified_time\" content=\"2025-07-02T16:22:09+00:00\" \/>\n<meta property=\"og:image\" content=\"https:\/\/cedarome.com\/wp-content\/uploads\/2018\/11\/Cedarome-Logo-RGB-NO-TAG_PASTILLE.jpg\" \/>\n\t<meta property=\"og:image:width\" content=\"403\" \/>\n\t<meta property=\"og:image:height\" content=\"403\" \/>\n\t<meta property=\"og:image:type\" content=\"image\/jpeg\" \/>\n<meta name=\"twitter:card\" content=\"summary_large_image\" \/>\n<meta name=\"twitter:label1\" content=\"Dur\u00e9e de lecture estim\u00e9e\" \/>\n\t<meta name=\"twitter:data1\" content=\"1 minute\" \/>\n<script type=\"application\/ld+json\" class=\"yoast-schema-graph\">{\"@context\":\"https:\/\/schema.org\",\"@graph\":[{\"@type\":\"WebPage\",\"@id\":\"https:\/\/cedarome.com\/fr\/sales-contact-form-fr\/\",\"url\":\"https:\/\/cedarome.com\/fr\/sales-contact-form-fr\/\",\"name\":\"Sales contact form FR - Cedarome\",\"isPartOf\":{\"@id\":\"https:\/\/cedarome.com\/fr\/#website\"},\"datePublished\":\"2025-01-20T14:46:32+00:00\",\"dateModified\":\"2025-07-02T16:22:09+00:00\",\"breadcrumb\":{\"@id\":\"https:\/\/cedarome.com\/fr\/sales-contact-form-fr\/#breadcrumb\"},\"inLanguage\":\"fr-FR\",\"potentialAction\":[{\"@type\":\"ReadAction\",\"target\":[\"https:\/\/cedarome.com\/fr\/sales-contact-form-fr\/\"]}]},{\"@type\":\"BreadcrumbList\",\"@id\":\"https:\/\/cedarome.com\/fr\/sales-contact-form-fr\/#breadcrumb\",\"itemListElement\":[{\"@type\":\"ListItem\",\"position\":1,\"name\":\"Home\",\"item\":\"https:\/\/cedarome.com\/fr\/\"},{\"@type\":\"ListItem\",\"position\":2,\"name\":\"Sales contact form FR\"}]},{\"@type\":\"WebSite\",\"@id\":\"https:\/\/cedarome.com\/fr\/#website\",\"url\":\"https:\/\/cedarome.com\/fr\/\",\"name\":\"Cedarome\",\"description\":\"La nature au service des sens\",\"publisher\":{\"@id\":\"https:\/\/cedarome.com\/fr\/#organization\"},\"potentialAction\":[{\"@type\":\"SearchAction\",\"target\":{\"@type\":\"EntryPoint\",\"urlTemplate\":\"https:\/\/cedarome.com\/fr\/?s={search_term_string}\"},\"query-input\":{\"@type\":\"PropertyValueSpecification\",\"valueRequired\":true,\"valueName\":\"search_term_string\"}}],\"inLanguage\":\"fr-FR\"},{\"@type\":\"Organization\",\"@id\":\"https:\/\/cedarome.com\/fr\/#organization\",\"name\":\"Cedarome\",\"url\":\"https:\/\/cedarome.com\/fr\/\",\"logo\":{\"@type\":\"ImageObject\",\"inLanguage\":\"fr-FR\",\"@id\":\"https:\/\/cedarome.com\/fr\/#\/schema\/logo\/image\/\",\"url\":\"https:\/\/cedarome.com\/wp-content\/uploads\/2018\/09\/logo_en_alt.png\",\"contentUrl\":\"https:\/\/cedarome.com\/wp-content\/uploads\/2018\/09\/logo_en_alt.png\",\"width\":1036,\"height\":262,\"caption\":\"Cedarome\"},\"image\":{\"@id\":\"https:\/\/cedarome.com\/fr\/#\/schema\/logo\/image\/\"},\"sameAs\":[\"https:\/\/www.facebook.com\/Cedarome\/\",\"https:\/\/www.instagram.com\/cedarome\/\",\"https:\/\/www.linkedin.com\/company\/cedarome-canada-inc\/\"]}]}<\/script>\n<!-- \/ Yoast SEO plugin. -->","yoast_head_json":{"title":"Sales contact form FR - Cedarome","robots":{"index":"noindex","follow":"follow"},"og_locale":"fr_FR","og_type":"article","og_title":"Sales contact form FR - Cedarome","og_url":"https:\/\/cedarome.com\/fr\/sales-contact-form-fr\/","og_site_name":"Cedarome","article_publisher":"https:\/\/www.facebook.com\/Cedarome\/","article_modified_time":"2025-07-02T16:22:09+00:00","og_image":[{"width":403,"height":403,"url":"https:\/\/cedarome.com\/wp-content\/uploads\/2018\/11\/Cedarome-Logo-RGB-NO-TAG_PASTILLE.jpg","type":"image\/jpeg"}],"twitter_card":"summary_large_image","twitter_misc":{"Dur\u00e9e de lecture estim\u00e9e":"1 minute"},"schema":{"@context":"https:\/\/schema.org","@graph":[{"@type":"WebPage","@id":"https:\/\/cedarome.com\/fr\/sales-contact-form-fr\/","url":"https:\/\/cedarome.com\/fr\/sales-contact-form-fr\/","name":"Sales contact form FR - Cedarome","isPartOf":{"@id":"https:\/\/cedarome.com\/fr\/#website"},"datePublished":"2025-01-20T14:46:32+00:00","dateModified":"2025-07-02T16:22:09+00:00","breadcrumb":{"@id":"https:\/\/cedarome.com\/fr\/sales-contact-form-fr\/#breadcrumb"},"inLanguage":"fr-FR","potentialAction":[{"@type":"ReadAction","target":["https:\/\/cedarome.com\/fr\/sales-contact-form-fr\/"]}]},{"@type":"BreadcrumbList","@id":"https:\/\/cedarome.com\/fr\/sales-contact-form-fr\/#breadcrumb","itemListElement":[{"@type":"ListItem","position":1,"name":"Home","item":"https:\/\/cedarome.com\/fr\/"},{"@type":"ListItem","position":2,"name":"Sales contact form FR"}]},{"@type":"WebSite","@id":"https:\/\/cedarome.com\/fr\/#website","url":"https:\/\/cedarome.com\/fr\/","name":"Cedarome","description":"La nature au service des sens","publisher":{"@id":"https:\/\/cedarome.com\/fr\/#organization"},"potentialAction":[{"@type":"SearchAction","target":{"@type":"EntryPoint","urlTemplate":"https:\/\/cedarome.com\/fr\/?s={search_term_string}"},"query-input":{"@type":"PropertyValueSpecification","valueRequired":true,"valueName":"search_term_string"}}],"inLanguage":"fr-FR"},{"@type":"Organization","@id":"https:\/\/cedarome.com\/fr\/#organization","name":"Cedarome","url":"https:\/\/cedarome.com\/fr\/","logo":{"@type":"ImageObject","inLanguage":"fr-FR","@id":"https:\/\/cedarome.com\/fr\/#\/schema\/logo\/image\/","url":"https:\/\/cedarome.com\/wp-content\/uploads\/2018\/09\/logo_en_alt.png","contentUrl":"https:\/\/cedarome.com\/wp-content\/uploads\/2018\/09\/logo_en_alt.png","width":1036,"height":262,"caption":"Cedarome"},"image":{"@id":"https:\/\/cedarome.com\/fr\/#\/schema\/logo\/image\/"},"sameAs":["https:\/\/www.facebook.com\/Cedarome\/","https:\/\/www.instagram.com\/cedarome\/","https:\/\/www.linkedin.com\/company\/cedarome-canada-inc\/"]}]}},"_links":{"self":[{"href":"https:\/\/cedarome.com\/fr\/wp-json\/wp\/v2\/pages\/8566","targetHints":{"allow":["GET"]}}],"collection":[{"href":"https:\/\/cedarome.com\/fr\/wp-json\/wp\/v2\/pages"}],"about":[{"href":"https:\/\/cedarome.com\/fr\/wp-json\/wp\/v2\/types\/page"}],"author":[{"embeddable":true,"href":"https:\/\/cedarome.com\/fr\/wp-json\/wp\/v2\/users\/8"}],"replies":[{"embeddable":true,"href":"https:\/\/cedarome.com\/fr\/wp-json\/wp\/v2\/comments?post=8566"}],"version-history":[{"count":7,"href":"https:\/\/cedarome.com\/fr\/wp-json\/wp\/v2\/pages\/8566\/revisions"}],"predecessor-version":[{"id":8579,"href":"https:\/\/cedarome.com\/fr\/wp-json\/wp\/v2\/pages\/8566\/revisions\/8579"}],"wp:attachment":[{"href":"https:\/\/cedarome.com\/fr\/wp-json\/wp\/v2\/media?parent=8566"}],"curies":[{"name":"wp","href":"https:\/\/api.w.org\/{rel}","templated":true}]}}