{"id":6996,"date":"2019-08-13T13:52:30","date_gmt":"2019-08-13T17:52:30","guid":{"rendered":"http:\/\/cedarome.com\/terms-of-use\/"},"modified":"2025-09-17T17:37:44","modified_gmt":"2025-09-17T21:37:44","slug":"conditions-utilisation","status":"publish","type":"page","link":"https:\/\/cedarome.com\/fr\/conditions-utilisation\/","title":{"rendered":"Conditions d&rsquo;utilisation"},"content":{"rendered":"<p><section id=\"bt_bb_section69d70380635dd\"  class=\"bt_bb_section bt_bb_color_scheme_1 bt_bb_layout_wide bt_bb_vertical_align_middle\" style=\"; --section-primary-color:#ffffff; --section-secondary-color:#181818;;background-color:#f1f1f1;\"    data-bt-override-class=\"null\"><div class=\"bt_bb_port\"><div class=\"bt_bb_cell\"><div class=\"bt_bb_cell_inner\"><div class=\"bt_bb_row \"  data-bt-override-class=\"{}\"><div class=\"bt_bb_row_holder\" style=\"; 0\"><div  class=\"bt_bb_column col-xxl-12 col-xl-12 bt_bb_vertical_align_top bt_bb_align_center bt_bb_column_background_image bt_bb_padding_normal bt_bb_animation_fade_in move_down animate\" style=\"background-image:url(&#039;https:\/\/cedarome.com\/wp-content\/uploads\/2018\/09\/contact_bg_1-1.jpg&#039;);; --column-width:12;\" data-width=\"12\" data-bt-override-class=\"{}\"><div class=\"bt_bb_column_content\"><div class=\"bt_bb_column_content_inner\"><div class=\"bt_bb_separator bt_bb_border_style_none bt_bb_top_spacing_large bt_bb_bottom_spacing_large\" data-bt-override-class=\"null\"><\/div><header class=\"bt_bb_headline bt_bb_dash_none bt_bb_size_inherit bt_bb_align_inherit\" data-bt-override-class=\"{}\"><h1 class=\"bt_bb_headline_tag\"><span class=\"bt_bb_headline_content\"><span><strong>Conditions d'utilisation<\/strong><\/span><\/span><\/h1><\/header><div class=\"bt_bb_separator bt_bb_border_style_none bt_bb_top_spacing_large bt_bb_bottom_spacing_large\" data-bt-override-class=\"null\"><\/div><\/div><\/div><\/div><\/div><\/div><\/div><\/div><\/div><\/section><section id=\"bt_bb_section69d70380643d7\"  class=\"bt_bb_section bt_bb_layout_boxed_1200 bt_bb_vertical_align_middle bt_bb_top_spacing_medium bt_bb_bottom_spacing_medium\" style=\";background-color:#f1f1f1;\"    data-bt-override-class=\"null\"><div class=\"bt_bb_port\"><div class=\"bt_bb_cell\"><div class=\"bt_bb_cell_inner\"><div class=\"bt_bb_row \"  data-bt-override-class=\"{}\"><div class=\"bt_bb_row_holder\" style=\"; 0\"><div  class=\"bt_bb_column col-xxl-12 col-xl-12 bt_bb_vertical_align_top bt_bb_align_left bt_bb_padding_normal bt_bb_animation_fade_in move_right animate\" style=\"font-size:20px; --column-width:12;\" data-width=\"12\" data-bt-override-class=\"{}\"><div class=\"bt_bb_column_content\"><div class=\"bt_bb_column_content_inner\"><div  class=\"bt_bb_text\" ><\/p>\n<p><span>En naviguant, en acc\u00e9dant, en vous abonnant, ou en utilisant le site Web de Cedarome Canada Inc., vous avez lu et compris les termes et conditions contenus ci-dessous ainsi que la <a href=\"http:\/\/cedarome.com\/fr\/politique-de-confidentialite-et-cookies\/\"><strong><u>politique de confidentialit\u00e9 &amp; les cookies<\/u><\/strong><\/a>.<\/span><\/p>\n<p>\n<\/div><div class=\"bt_bb_separator bt_bb_border_style_none bt_bb_top_spacing_small bt_bb_bottom_spacing_small\" data-bt-override-class=\"null\"><\/div><header class=\"bt_bb_headline bt_bb_dash_bottom bt_bb_size_medium bt_bb_align_inherit\" data-bt-override-class=\"{}\"><h3 class=\"bt_bb_headline_tag\"><span class=\"bt_bb_headline_content\"><span>Avis de propri\u00e9t\u00e9 intellectuelle<\/span><\/span><\/h3><\/header><div class=\"bt_bb_separator bt_bb_border_style_none bt_bb_top_spacing_small bt_bb_bottom_spacing_small\" data-bt-override-class=\"null\"><\/div><div  class=\"bt_bb_text\" ><\/p>\n<p><span>Cedarome Canada Inc. d\u00e9tient les droits de propri\u00e9t\u00e9 intellectuelle sur tous les documents affich\u00e9s ou autrement accessibles sur le site Web, y compris, sans toutefois s&rsquo;y limiter, le HTML, les scripts Java, les textes, images, graphiques, clips audio, clips vid\u00e9o, marques de commerce, logos et autres contenus qui sont mis \u00e0 votre disposition sur notre site Web ou ont obtenu l&rsquo;autorisation du propri\u00e9taire de la propri\u00e9t\u00e9 intellectuelle de ce contenu pour utiliser le contenu de notre site Web.<\/span><\/p>\n<p><span>\u00ab Cedarome \u00bb, le logo et le slogan de Cedarome sont des marques de commerce de Cedarome Canada inc. Aucune information affich\u00e9e sur ce site Web ne doit \u00eatre interpr\u00e9t\u00e9e comme accordant une licence ou un droit d&rsquo;utilisation d&rsquo;une marque de commerce affich\u00e9e sur ledit site Web, sans l&rsquo;autorisation \u00e9crite expresse de Cedarome Canada Inc.<\/span><\/p>\n<p>\n<\/div><div class=\"bt_bb_separator bt_bb_border_style_none bt_bb_top_spacing_small bt_bb_bottom_spacing_small\" data-bt-override-class=\"null\"><\/div><header class=\"bt_bb_headline bt_bb_dash_bottom bt_bb_size_medium bt_bb_align_inherit\" data-bt-override-class=\"{}\"><h3 class=\"bt_bb_headline_tag\"><span class=\"bt_bb_headline_content\"><span>Aucune garantie<\/span><\/span><\/h3><\/header><div class=\"bt_bb_separator bt_bb_border_style_none bt_bb_top_spacing_small bt_bb_bottom_spacing_small\" data-bt-override-class=\"null\"><\/div><div  class=\"bt_bb_text\" ><\/p>\n<p><span>Cedarome prend toutes les mesures raisonnables pour que les informations figurant sur notre site internet soient exactes et compl\u00e8tes. Cependant, ils sont uniquement destin\u00e9s \u00e0 des fins d&rsquo;information g\u00e9n\u00e9rales. Cedarome Canada Inc. ne peut en aucun cas \u00eatre tenu responsable des dommages r\u00e9sultant de l&rsquo;utilisation ou de la performance des informations disponibles sur ce site Web.<\/span><\/p>\n<p>\n<\/div><div class=\"bt_bb_separator bt_bb_border_style_none bt_bb_top_spacing_small bt_bb_bottom_spacing_small\" data-bt-override-class=\"null\"><\/div><header class=\"bt_bb_headline bt_bb_dash_bottom bt_bb_size_medium bt_bb_align_inherit\" data-bt-override-class=\"{}\"><h3 class=\"bt_bb_headline_tag\"><span class=\"bt_bb_headline_content\"><span>Lib\u00e9ration et indemnisation<\/span><\/span><\/h3><\/header><div class=\"bt_bb_separator bt_bb_border_style_none bt_bb_top_spacing_small bt_bb_bottom_spacing_small\" data-bt-override-class=\"null\"><\/div><div  class=\"bt_bb_text\" ><\/p>\n<p><span>Par la pr\u00e9sente, vous lib\u00e9rez, indemnisez et maintenez Cedarome Canada Inc. de toute r\u00e9clamation, responsabilit\u00e9 et dommages-int\u00e9r\u00eats (y compris, sans limitation, des frais l\u00e9gaux raisonnables) r\u00e9sultant de votre utilisation de ce site Web, du contenu ou autrement li\u00e9s au pr\u00e9sent contrat et vous acceptez que votre seul recours en cas de r\u00e9clamation consiste \u00e0 cesser d&rsquo;utiliser ce site Web et son contenu.<\/span><\/p>\n<p><span>Vous devrez \u00e9galement indemniser Cedarome Canada Inc. de toute r\u00e9clamation \u00e9manant de tiers d\u00e9coulant de votre utilisation de ce site Web.<\/span><\/p>\n<p>\n<\/div><div class=\"bt_bb_separator bt_bb_border_style_none bt_bb_top_spacing_small bt_bb_bottom_spacing_small\" data-bt-override-class=\"null\"><\/div><header class=\"bt_bb_headline bt_bb_dash_bottom bt_bb_size_medium bt_bb_align_inherit\" data-bt-override-class=\"{}\"><h3 class=\"bt_bb_headline_tag\"><span class=\"bt_bb_headline_content\"><span>Liens vers des sites tiers<\/span><\/span><\/h3><\/header><div class=\"bt_bb_separator bt_bb_border_style_none bt_bb_top_spacing_small bt_bb_bottom_spacing_small\" data-bt-override-class=\"null\"><\/div><div  class=\"bt_bb_text\" ><\/p>\n<p><span>Ce site Web peut contenir des liens vers un site Web exploit\u00e9 par d&rsquo;autres parties \u00e0 des fins de commodit\u00e9. L&rsquo;utilisation de ces sites est \u00e0 vos risques et p\u00e9rils, car ils ne sont pas sous le contr\u00f4le de Cedarome et Cedarome n&rsquo;est pas responsable du contenu disponible sur les autres sites. De tels liens n\u2019impliquent pas que Cedarome approuve des informations ou des informations sur un autre site et Cedarome d\u00e9cline toute responsabilit\u00e9 en ce qui concerne votre acc\u00e8s \u00e0 et l\u2019utilisation de ces sites.<\/span><\/p>\n<p>\n<\/div><div class=\"bt_bb_separator bt_bb_border_style_none bt_bb_top_spacing_small bt_bb_bottom_spacing_small\" data-bt-override-class=\"null\"><\/div><header class=\"bt_bb_headline bt_bb_dash_bottom bt_bb_size_medium bt_bb_align_inherit\" data-bt-override-class=\"{}\"><h3 class=\"bt_bb_headline_tag\"><span class=\"bt_bb_headline_content\"><span>Contactez-nous<\/span><\/span><\/h3><\/header><div class=\"bt_bb_separator bt_bb_border_style_none bt_bb_top_spacing_small bt_bb_bottom_spacing_small\" data-bt-override-class=\"null\"><\/div><div  class=\"bt_bb_text\" ><\/p>\n<p><span>Si vous avez des questions, des commentaires ou des demandes, veuillez nous contacter \u00e0 notre adresse \u00e9lectronique: <a href=\"mailto:mail@cedarome.com\"><strong>mail@cedarome.com<\/strong><\/a><\/span><\/p>\n<p><span>Souhaitez-vous en savoir plus sur notre <a href=\"http:\/\/cedarome.com\/fr\/politique-de-confidentialite-et-cookies\/\"><strong><u>politique de confidentialit\u00e9 &amp; les cookies<\/u><\/strong><\/a>\u00a0?<\/span><\/p>\n<p>\n<\/div><\/div><\/div><\/div><\/div><\/div><\/div><\/div><\/div><\/section><section id=\"bt_bb_section69d70380655ae\"  class=\"bt_bb_section bt_bb_color_scheme_5 bt_bb_layout_boxed_1200 bt_bb_vertical_align_top bt_bb_background_overlay_solid_accent bt_bb_top_spacing_large bt_bb_bottom_spacing_large\" style=\"; --section-primary-color:#181818; --section-secondary-color:#a1cc39;\"    data-bt-override-class=\"null\"><div class=\"bt_bb_port\"><div class=\"bt_bb_cell\"><div class=\"bt_bb_cell_inner\"><div class=\"bt_bb_row \"  data-bt-override-class=\"{}\"><div class=\"bt_bb_row_holder\" style=\"; 0\"><div  class=\"bt_bb_column col-xxl-6 col-xl-6 bt_bb_vertical_align_bottom bt_bb_align_left bt_bb_padding_normal bt_bb_animation_fade_in move_right animate\" style=\"; --column-width:6;\" data-width=\"6\" data-bt-override-class=\"{}\"><div class=\"bt_bb_column_content\"><div class=\"bt_bb_column_content_inner\"><header class=\"bt_bb_headline bt_bb_dash_none bt_bb_size_large bt_bb_align_inherit\" data-bt-override-class=\"{}\"><h4 class=\"bt_bb_headline_tag\"><span class=\"bt_bb_headline_content\"><span>Contactez-<em>nous<\/em><\/span><\/span><\/h4><\/header><div class=\"bt_bb_separator bt_bb_border_style_none bt_bb_bottom_spacing_medium\" data-bt-override-class=\"null\"><\/div><\/div><\/div><\/div><div  class=\"bt_bb_column col-xxl-2 col-xl-2 bt_bb_vertical_align_bottom bt_bb_align_center bt_bb_padding_normal bt_bb_animation_fade_in move_left animate\" style=\"; --column-width:2;\" data-width=\"2\" data-bt-override-class=\"{}\"><div class=\"bt_bb_column_content\"><div class=\"bt_bb_column_content_inner\"><div class=\"bt_bb_icon bt_bb_color_scheme_1 bt_bb_style_borderless bt_bb_size_xlarge bt_bb_shape_circle bt_bb_align_inherit\" style=\"; --icon-primary-color:#ffffff; --icon-secondary-color:#181818;\" data-bt-override-class=\"null\"><a href=\"https:\/\/www.google.com\/maps\/search\/?api=1&amp;query=45.3774022,-73.5319432&amp;query_place_id=ChIJhZmENsgNyUwRSiSn_UKvE4A\"  target=\"_blank\" data-ico-essential=\"&#xea06;\" class=\"bt_bb_icon_holder\"><\/a><\/div><div class=\"bt_bb_separator bt_bb_border_style_none bt_bb_top_spacing_small\" data-bt-override-class=\"null\"><\/div><header class=\"bt_bb_headline bt_bb_font_weight_bold bt_bb_dash_bottom bt_bb_size_extrasmall bt_bb_align_inherit\" data-bt-override-class=\"{}\"><h5 class=\"bt_bb_headline_tag\"><span class=\"bt_bb_headline_content\"><span><a href=\"http:\/\/cedarome.com\/contact\/\" target=\"_self\" title=\"Adresse\">Adresse<\/a><\/span><\/span><\/h5><\/header><div class=\"bt_bb_separator bt_bb_border_style_none bt_bb_top_spacing_small\" data-bt-override-class=\"null\"><\/div><div  class=\"bt_bb_text\" ><\/p>\n<p>21, rue Paul-Gauguin<br \/>\nCandiac Qc\u00a0J5R 3X8<br \/>\nCANADA<\/p>\n<p>\n<\/div><\/div><\/div><\/div><div  class=\"bt_bb_column col-xxl-2 col-xl-2 bt_bb_vertical_align_bottom bt_bb_align_center bt_bb_padding_normal bt_bb_animation_fade_in move_left animate\" style=\"; --column-width:2;\" data-width=\"2\" data-bt-override-class=\"{}\"><div class=\"bt_bb_column_content\"><div class=\"bt_bb_column_content_inner\"><div class=\"bt_bb_icon bt_bb_color_scheme_1 bt_bb_style_borderless bt_bb_size_xlarge bt_bb_shape_circle bt_bb_align_inherit\" style=\"; --icon-primary-color:#ffffff; --icon-secondary-color:#181818;\" data-bt-override-class=\"null\"><a href=\"tel:+14506598000\"  target=\"_self\" data-ico-essential=\"&#xea22;\" class=\"bt_bb_icon_holder\"><\/a><\/div><div class=\"bt_bb_separator bt_bb_border_style_none bt_bb_top_spacing_small\" data-bt-override-class=\"null\"><\/div><header class=\"bt_bb_headline bt_bb_font_weight_bold bt_bb_dash_bottom bt_bb_size_extrasmall bt_bb_align_inherit\" data-bt-override-class=\"{}\"><h5 class=\"bt_bb_headline_tag\"><span class=\"bt_bb_headline_content\"><span>T\u00e9l\u00e9phone<\/span><\/span><\/h5><\/header><div class=\"bt_bb_separator bt_bb_border_style_none bt_bb_top_spacing_small\" data-bt-override-class=\"null\"><\/div><div  class=\"bt_bb_text\" ><\/p>\n<p>T\u00e9l. : <a href=\"tel:+14506598000\">+1 450 659 8000<\/a><br \/>\nFax : <a href=\"tel:+14506598010\">+1 450 659 8010<\/a><\/p>\n<p>\n<\/div><div class=\"bt_bb_separator bt_bb_border_style_none bt_bb_top_spacing_small bt_bb_bottom_spacing_extra_small\" data-bt-override-class=\"null\"><\/div><\/div><\/div><\/div><div  class=\"bt_bb_column col-xxl-2 col-xl-2 bt_bb_vertical_align_bottom bt_bb_align_center bt_bb_padding_normal bt_bb_animation_fade_in move_left animate\" style=\"; --column-width:2;\" data-width=\"2\" data-bt-override-class=\"{}\"><div class=\"bt_bb_column_content\"><div class=\"bt_bb_column_content_inner\"><div class=\"bt_bb_icon bt_bb_color_scheme_1 bt_bb_style_borderless bt_bb_size_xlarge bt_bb_shape_circle bt_bb_align_inherit\" style=\"; --icon-primary-color:#ffffff; --icon-secondary-color:#181818;\" data-bt-override-class=\"null\"><a href=\"mailto:mail@cedarome.com\"  target=\"_self\" data-ico-essential=\"&#xe9e3;\" class=\"bt_bb_icon_holder\"><\/a><\/div><div class=\"bt_bb_separator bt_bb_border_style_none bt_bb_top_spacing_small\" data-bt-override-class=\"null\"><\/div><header class=\"bt_bb_headline bt_bb_font_weight_bold bt_bb_dash_bottom bt_bb_size_extrasmall bt_bb_align_inherit\" data-bt-override-class=\"{}\"><h5 class=\"bt_bb_headline_tag\"><span class=\"bt_bb_headline_content\"><span>Courriel<\/span><\/span><\/h5><\/header><div class=\"bt_bb_separator bt_bb_border_style_none bt_bb_top_spacing_small\" data-bt-override-class=\"null\"><\/div><div  class=\"bt_bb_text\" ><\/p>\n<p><a href=\"mailto:sales@cedarome.com\">sales@cedarome.com<\/a><\/p>\n<p>\n<\/div><div class=\"bt_bb_separator bt_bb_border_style_none bt_bb_top_spacing_small bt_bb_bottom_spacing_normal\" data-bt-override-class=\"null\"><\/div><\/div><\/div><\/div><\/div><\/div><\/div><\/div><\/div><\/section><\/p>\n","protected":false},"excerpt":{"rendered":"","protected":false},"author":8,"featured_media":0,"parent":0,"menu_order":73,"comment_status":"closed","ping_status":"closed","template":"","meta":{"footnotes":""},"class_list":["post-6996","page","type-page","status-publish","hentry"],"yoast_head":"<!-- This site is optimized with the Yoast SEO plugin v27.2 - https:\/\/yoast.com\/product\/yoast-seo-wordpress\/ -->\n<title>Termes et conditions d\u2019utilisation | Cedarome<\/title>\n<meta name=\"description\" content=\"Consultez les conditions d\u2019utilisation du site Cedarome pour conna\u00eetre vos droits et obligations lors de l\u2019acc\u00e8s et de l\u2019utilisation de nos services en ligne.\" \/>\n<meta name=\"robots\" content=\"index, follow, max-snippet:-1, max-image-preview:large, max-video-preview:-1\" \/>\n<link rel=\"canonical\" href=\"https:\/\/cedarome.com\/fr\/conditions-utilisation\/\" \/>\n<meta property=\"og:locale\" content=\"fr_FR\" \/>\n<meta property=\"og:type\" content=\"article\" \/>\n<meta property=\"og:title\" content=\"Termes et conditions d\u2019utilisation | Cedarome\" \/>\n<meta property=\"og:description\" content=\"Consultez les conditions d\u2019utilisation du site Cedarome pour conna\u00eetre vos droits et obligations lors de l\u2019acc\u00e8s et de l\u2019utilisation de nos services en ligne.\" \/>\n<meta property=\"og:url\" content=\"https:\/\/cedarome.com\/fr\/conditions-utilisation\/\" \/>\n<meta property=\"og:site_name\" content=\"Cedarome\" \/>\n<meta property=\"article:publisher\" content=\"https:\/\/www.facebook.com\/Cedarome\/\" \/>\n<meta property=\"article:modified_time\" content=\"2025-09-17T21:37:44+00:00\" \/>\n<meta property=\"og:image\" content=\"https:\/\/cedarome.com\/wp-content\/uploads\/2018\/11\/Cedarome-Logo-RGB-NO-TAG_PASTILLE.jpg\" \/>\n\t<meta property=\"og:image:width\" content=\"403\" \/>\n\t<meta property=\"og:image:height\" content=\"403\" \/>\n\t<meta property=\"og:image:type\" content=\"image\/jpeg\" \/>\n<meta name=\"twitter:card\" content=\"summary_large_image\" \/>\n<meta name=\"twitter:label1\" content=\"Dur\u00e9e de lecture estim\u00e9e\" \/>\n\t<meta name=\"twitter:data1\" content=\"5 minutes\" \/>\n<script type=\"application\/ld+json\" class=\"yoast-schema-graph\">{\"@context\":\"https:\/\/schema.org\",\"@graph\":[{\"@type\":\"WebPage\",\"@id\":\"https:\/\/cedarome.com\/fr\/conditions-utilisation\/\",\"url\":\"https:\/\/cedarome.com\/fr\/conditions-utilisation\/\",\"name\":\"Termes et conditions d\u2019utilisation | Cedarome\",\"isPartOf\":{\"@id\":\"https:\/\/cedarome.com\/fr\/#website\"},\"datePublished\":\"2019-08-13T17:52:30+00:00\",\"dateModified\":\"2025-09-17T21:37:44+00:00\",\"description\":\"Consultez les conditions d\u2019utilisation du site Cedarome pour conna\u00eetre vos droits et obligations lors de l\u2019acc\u00e8s et de l\u2019utilisation de nos services en ligne.\",\"breadcrumb\":{\"@id\":\"https:\/\/cedarome.com\/fr\/conditions-utilisation\/#breadcrumb\"},\"inLanguage\":\"fr-FR\",\"potentialAction\":[{\"@type\":\"ReadAction\",\"target\":[\"https:\/\/cedarome.com\/fr\/conditions-utilisation\/\"]}]},{\"@type\":\"BreadcrumbList\",\"@id\":\"https:\/\/cedarome.com\/fr\/conditions-utilisation\/#breadcrumb\",\"itemListElement\":[{\"@type\":\"ListItem\",\"position\":1,\"name\":\"Home\",\"item\":\"https:\/\/cedarome.com\/fr\/\"},{\"@type\":\"ListItem\",\"position\":2,\"name\":\"Conditions d&#8217;utilisation\"}]},{\"@type\":\"WebSite\",\"@id\":\"https:\/\/cedarome.com\/fr\/#website\",\"url\":\"https:\/\/cedarome.com\/fr\/\",\"name\":\"Cedarome\",\"description\":\"La nature au service des sens\",\"publisher\":{\"@id\":\"https:\/\/cedarome.com\/fr\/#organization\"},\"potentialAction\":[{\"@type\":\"SearchAction\",\"target\":{\"@type\":\"EntryPoint\",\"urlTemplate\":\"https:\/\/cedarome.com\/fr\/?s={search_term_string}\"},\"query-input\":{\"@type\":\"PropertyValueSpecification\",\"valueRequired\":true,\"valueName\":\"search_term_string\"}}],\"inLanguage\":\"fr-FR\"},{\"@type\":\"Organization\",\"@id\":\"https:\/\/cedarome.com\/fr\/#organization\",\"name\":\"Cedarome\",\"url\":\"https:\/\/cedarome.com\/fr\/\",\"logo\":{\"@type\":\"ImageObject\",\"inLanguage\":\"fr-FR\",\"@id\":\"https:\/\/cedarome.com\/fr\/#\/schema\/logo\/image\/\",\"url\":\"https:\/\/cedarome.com\/wp-content\/uploads\/2018\/09\/logo_en_alt.png\",\"contentUrl\":\"https:\/\/cedarome.com\/wp-content\/uploads\/2018\/09\/logo_en_alt.png\",\"width\":1036,\"height\":262,\"caption\":\"Cedarome\"},\"image\":{\"@id\":\"https:\/\/cedarome.com\/fr\/#\/schema\/logo\/image\/\"},\"sameAs\":[\"https:\/\/www.facebook.com\/Cedarome\/\",\"https:\/\/www.instagram.com\/cedarome\/\",\"https:\/\/www.linkedin.com\/company\/cedarome-canada-inc\/\"]}]}<\/script>\n<!-- \/ Yoast SEO plugin. -->","yoast_head_json":{"title":"Termes et conditions d\u2019utilisation | Cedarome","description":"Consultez les conditions d\u2019utilisation du site Cedarome pour conna\u00eetre vos droits et obligations lors de l\u2019acc\u00e8s et de l\u2019utilisation de nos services en ligne.","robots":{"index":"index","follow":"follow","max-snippet":"max-snippet:-1","max-image-preview":"max-image-preview:large","max-video-preview":"max-video-preview:-1"},"canonical":"https:\/\/cedarome.com\/fr\/conditions-utilisation\/","og_locale":"fr_FR","og_type":"article","og_title":"Termes et conditions d\u2019utilisation | Cedarome","og_description":"Consultez les conditions d\u2019utilisation du site Cedarome pour conna\u00eetre vos droits et obligations lors de l\u2019acc\u00e8s et de l\u2019utilisation de nos services en ligne.","og_url":"https:\/\/cedarome.com\/fr\/conditions-utilisation\/","og_site_name":"Cedarome","article_publisher":"https:\/\/www.facebook.com\/Cedarome\/","article_modified_time":"2025-09-17T21:37:44+00:00","og_image":[{"width":403,"height":403,"url":"https:\/\/cedarome.com\/wp-content\/uploads\/2018\/11\/Cedarome-Logo-RGB-NO-TAG_PASTILLE.jpg","type":"image\/jpeg"}],"twitter_card":"summary_large_image","twitter_misc":{"Dur\u00e9e de lecture estim\u00e9e":"5 minutes"},"schema":{"@context":"https:\/\/schema.org","@graph":[{"@type":"WebPage","@id":"https:\/\/cedarome.com\/fr\/conditions-utilisation\/","url":"https:\/\/cedarome.com\/fr\/conditions-utilisation\/","name":"Termes et conditions d\u2019utilisation | Cedarome","isPartOf":{"@id":"https:\/\/cedarome.com\/fr\/#website"},"datePublished":"2019-08-13T17:52:30+00:00","dateModified":"2025-09-17T21:37:44+00:00","description":"Consultez les conditions d\u2019utilisation du site Cedarome pour conna\u00eetre vos droits et obligations lors de l\u2019acc\u00e8s et de l\u2019utilisation de nos services en ligne.","breadcrumb":{"@id":"https:\/\/cedarome.com\/fr\/conditions-utilisation\/#breadcrumb"},"inLanguage":"fr-FR","potentialAction":[{"@type":"ReadAction","target":["https:\/\/cedarome.com\/fr\/conditions-utilisation\/"]}]},{"@type":"BreadcrumbList","@id":"https:\/\/cedarome.com\/fr\/conditions-utilisation\/#breadcrumb","itemListElement":[{"@type":"ListItem","position":1,"name":"Home","item":"https:\/\/cedarome.com\/fr\/"},{"@type":"ListItem","position":2,"name":"Conditions d&#8217;utilisation"}]},{"@type":"WebSite","@id":"https:\/\/cedarome.com\/fr\/#website","url":"https:\/\/cedarome.com\/fr\/","name":"Cedarome","description":"La nature au service des sens","publisher":{"@id":"https:\/\/cedarome.com\/fr\/#organization"},"potentialAction":[{"@type":"SearchAction","target":{"@type":"EntryPoint","urlTemplate":"https:\/\/cedarome.com\/fr\/?s={search_term_string}"},"query-input":{"@type":"PropertyValueSpecification","valueRequired":true,"valueName":"search_term_string"}}],"inLanguage":"fr-FR"},{"@type":"Organization","@id":"https:\/\/cedarome.com\/fr\/#organization","name":"Cedarome","url":"https:\/\/cedarome.com\/fr\/","logo":{"@type":"ImageObject","inLanguage":"fr-FR","@id":"https:\/\/cedarome.com\/fr\/#\/schema\/logo\/image\/","url":"https:\/\/cedarome.com\/wp-content\/uploads\/2018\/09\/logo_en_alt.png","contentUrl":"https:\/\/cedarome.com\/wp-content\/uploads\/2018\/09\/logo_en_alt.png","width":1036,"height":262,"caption":"Cedarome"},"image":{"@id":"https:\/\/cedarome.com\/fr\/#\/schema\/logo\/image\/"},"sameAs":["https:\/\/www.facebook.com\/Cedarome\/","https:\/\/www.instagram.com\/cedarome\/","https:\/\/www.linkedin.com\/company\/cedarome-canada-inc\/"]}]}},"_links":{"self":[{"href":"https:\/\/cedarome.com\/fr\/wp-json\/wp\/v2\/pages\/6996","targetHints":{"allow":["GET"]}}],"collection":[{"href":"https:\/\/cedarome.com\/fr\/wp-json\/wp\/v2\/pages"}],"about":[{"href":"https:\/\/cedarome.com\/fr\/wp-json\/wp\/v2\/types\/page"}],"author":[{"embeddable":true,"href":"https:\/\/cedarome.com\/fr\/wp-json\/wp\/v2\/users\/8"}],"replies":[{"embeddable":true,"href":"https:\/\/cedarome.com\/fr\/wp-json\/wp\/v2\/comments?post=6996"}],"version-history":[{"count":7,"href":"https:\/\/cedarome.com\/fr\/wp-json\/wp\/v2\/pages\/6996\/revisions"}],"predecessor-version":[{"id":9479,"href":"https:\/\/cedarome.com\/fr\/wp-json\/wp\/v2\/pages\/6996\/revisions\/9479"}],"wp:attachment":[{"href":"https:\/\/cedarome.com\/fr\/wp-json\/wp\/v2\/media?parent=6996"}],"curies":[{"name":"wp","href":"https:\/\/api.w.org\/{rel}","templated":true}]}}